{"id":243,"date":"2024-06-24T01:41:46","date_gmt":"2024-06-23T23:41:46","guid":{"rendered":"https:\/\/istem-univ.com\/?page_id=243"},"modified":"2024-06-24T01:45:11","modified_gmt":"2024-06-23T23:45:11","slug":"pre-inscription","status":"publish","type":"page","link":"https:\/\/istem-univ.com\/en\/pre-inscription\/","title":{"rendered":"Pr\u00e9-inscription"},"content":{"rendered":"<div data-elementor-type=\"wp-page\" data-elementor-id=\"243\" class=\"elementor elementor-243\" data-elementor-post-type=\"page\">\n\t\t\t\t<div class=\"elementor-element elementor-element-d9c6f5f e-flex e-con-boxed e-con e-parent\" data-id=\"d9c6f5f\" data-element_type=\"container\">\n\t\t\t\t\t<div class=\"e-con-inner\">\n\t\t\t\t<div class=\"elementor-element elementor-element-44e860b elementor-widget elementor-widget-heading\" data-id=\"44e860b\" data-element_type=\"widget\" data-widget_type=\"heading.default\">\n\t\t\t\t<div class=\"elementor-widget-container\">\n\t\t\t<style>\/*! elementor - v3.23.0 - 05-08-2024 *\/\n.elementor-heading-title{padding:0;margin:0;line-height:1}.elementor-widget-heading .elementor-heading-title[class*=elementor-size-]>a{color:inherit;font-size:inherit;line-height:inherit}.elementor-widget-heading .elementor-heading-title.elementor-size-small{font-size:15px}.elementor-widget-heading .elementor-heading-title.elementor-size-medium{font-size:19px}.elementor-widget-heading .elementor-heading-title.elementor-size-large{font-size:29px}.elementor-widget-heading .elementor-heading-title.elementor-size-xl{font-size:39px}.elementor-widget-heading .elementor-heading-title.elementor-size-xxl{font-size:59px}<\/style><h1 class=\"elementor-heading-title elementor-size-default\">FORMULAIRE DE PRE-INSCRIPTION<\/h1>\t\t<\/div>\n\t\t\t\t<\/div>\n\t\t\t\t<div class=\"elementor-element elementor-element-84c9594 elementor-widget elementor-widget-text-editor\" data-id=\"84c9594\" data-element_type=\"widget\" data-widget_type=\"text-editor.default\">\n\t\t\t\t<div class=\"elementor-widget-container\">\n\t\t\t<style>\/*! elementor - v3.23.0 - 05-08-2024 *\/\n.elementor-widget-text-editor.elementor-drop-cap-view-stacked .elementor-drop-cap{background-color:#69727d;color:#fff}.elementor-widget-text-editor.elementor-drop-cap-view-framed .elementor-drop-cap{color:#69727d;border:3px solid;background-color:transparent}.elementor-widget-text-editor:not(.elementor-drop-cap-view-default) .elementor-drop-cap{margin-top:8px}.elementor-widget-text-editor:not(.elementor-drop-cap-view-default) .elementor-drop-cap-letter{width:1em;height:1em}.elementor-widget-text-editor .elementor-drop-cap{float:left;text-align:center;line-height:1;font-size:50px}.elementor-widget-text-editor .elementor-drop-cap-letter{display:inline-block}<\/style>\t\t\t\t<p>Remplissez le formulaire ci-dessous pour votre pr\u00e9inscription.<\/p><p>Apr\u00e8s soumission de votre formulaire, pr\u00e9sentez vous au sein de notre \u00e9tablissement afin de valider votre inscription d\u00e9finitive.<\/p>\t\t\t\t\t\t<\/div>\n\t\t\t\t<\/div>\n\t\t\t\t\t<\/div>\n\t\t\t\t<\/div>\n\t\t<div class=\"elementor-element elementor-element-a791303 e-flex e-con-boxed e-con e-parent\" data-id=\"a791303\" data-element_type=\"container\">\n\t\t\t\t\t<div class=\"e-con-inner\">\n\t\t\t\t<div class=\"elementor-element elementor-element-1ac3490 elementor-widget elementor-widget-shortcode\" data-id=\"1ac3490\" data-element_type=\"widget\" data-widget_type=\"shortcode.default\">\n\t\t\t\t<div class=\"elementor-widget-container\">\n\t\t\t\t\t<div class=\"elementor-shortcode\"><div class=\"wpforms-container wpforms-container-full wpforms-render-modern\" id=\"wpforms-232\"><form id=\"wpforms-form-232\" class=\"wpforms-validate wpforms-form wpforms-ajax-form\" data-formid=\"232\" method=\"post\" enctype=\"multipart\/form-data\" action=\"\/en\/wp-json\/wp\/v2\/pages\/243\" data-token=\"10ee9698c071d3a32b8247cbf0a7f0b7\" data-token-time=\"1776293603\" data-trp-original-action=\"\/en\/wp-json\/wp\/v2\/pages\/243\"><noscript class=\"wpforms-error-noscript\">Please enable JavaScript in your browser to complete this form.<\/noscript><div class=\"wpforms-hidden\" id=\"wpforms-error-noscript\">Please enable JavaScript in your browser to complete this form.<\/div><div class=\"wpforms-field-container\"><div id=\"wpforms-232-field_8-container\" class=\"wpforms-field wpforms-field-radio\" data-field-id=\"8\"><fieldset><legend class=\"wpforms-field-label\">Sexe <span class=\"wpforms-required-label\" aria-hidden=\"true\">*<\/span><\/legend><ul id=\"wpforms-232-field_8\" class=\"wpforms-field-required\"><li class=\"choice-1 depth-1\"><input type=\"radio\" id=\"wpforms-232-field_8_1\" name=\"wpforms[fields][8]\" value=\"Masculin\" aria-errormessage=\"wpforms-232-field_8_1-error\" required><label class=\"wpforms-field-label-inline\" for=\"wpforms-232-field_8_1\">Masculin<\/label><\/li><li class=\"choice-2 depth-1\"><input type=\"radio\" id=\"wpforms-232-field_8_2\" name=\"wpforms[fields][8]\" value=\"Feminin\" aria-errormessage=\"wpforms-232-field_8_2-error\" required><label class=\"wpforms-field-label-inline\" for=\"wpforms-232-field_8_2\">Feminin<\/label><\/li><\/ul><\/fieldset><\/div><div id=\"wpforms-232-field_7-container\" class=\"wpforms-field wpforms-field-name\" data-field-id=\"7\"><fieldset><legend class=\"wpforms-field-label\">Nom Complet <span class=\"wpforms-required-label\" aria-hidden=\"true\">*<\/span><\/legend><div class=\"wpforms-field-row wpforms-field-large\"><div class=\"wpforms-field-row-block wpforms-first wpforms-one-half\"><input type=\"text\" id=\"wpforms-232-field_7\" class=\"wpforms-field-name-first wpforms-field-required\" name=\"wpforms[fields][7][first]\" aria-errormessage=\"wpforms-232-field_7-error\" required><label for=\"wpforms-232-field_7\" class=\"wpforms-field-sublabel after\">First<\/label><\/div><div class=\"wpforms-field-row-block wpforms-one-half\"><input type=\"text\" id=\"wpforms-232-field_7-last\" class=\"wpforms-field-name-last wpforms-field-required\" name=\"wpforms[fields][7][last]\" aria-errormessage=\"wpforms-232-field_7-last-error\" required><label for=\"wpforms-232-field_7-last\" class=\"wpforms-field-sublabel after\">Last<\/label><\/div><\/div><\/fieldset><\/div><div id=\"wpforms-232-field_29-container\" class=\"wpforms-field wpforms-field-layout\" data-field-id=\"29\"><label class=\"wpforms-field-label wpforms-label-hide\" aria-hidden=\"false\">Mise en page<\/label><div class=\"wpforms-field-layout-rows wpforms-field-large\"><div class=\"wpforms-layout-row\"><div class=\"wpforms-layout-column wpforms-layout-column-50\"><div id=\"wpforms-232-field_10-container\" class=\"wpforms-field wpforms-field-date-time\" data-field-id=\"10\"><fieldset><legend class=\"wpforms-field-label\">Date de Naissance <span class=\"wpforms-required-label\" aria-hidden=\"true\">*<\/span><\/legend><div class=\"wpforms-field-date-dropdown-wrap wpforms-field-medium\"><select name=\"wpforms[fields][10][date][d]\" id=\"wpforms-232-field_10-day\" class=\"wpforms-field-date-time-date-day wpforms-field-required\" aria-label=\"Day\"  required><option value=\"\" class=\"placeholder\" selected disabled>DD<\/option><option value=\"1\" >1<\/option><option value=\"2\" >2<\/option><option value=\"3\" >3<\/option><option value=\"4\" >4<\/option><option value=\"5\" >5<\/option><option value=\"6\" >6<\/option><option value=\"7\" >7<\/option><option value=\"8\" >8<\/option><option value=\"9\" >9<\/option><option value=\"10\" >10<\/option><option value=\"11\" >11<\/option><option value=\"12\" >12<\/option><option value=\"13\" >13<\/option><option value=\"14\" >14<\/option><option value=\"15\" >15<\/option><option value=\"16\" >16<\/option><option value=\"17\" >17<\/option><option value=\"18\" >18<\/option><option value=\"19\" >19<\/option><option value=\"20\" >20<\/option><option value=\"21\" >21<\/option><option value=\"22\" >22<\/option><option value=\"23\" >23<\/option><option value=\"24\" >24<\/option><option value=\"25\" >25<\/option><option value=\"26\" >26<\/option><option value=\"27\" >27<\/option><option value=\"28\" >28<\/option><option value=\"29\" >29<\/option><option value=\"30\" >30<\/option><option value=\"31\" >31<\/option><\/select><select name=\"wpforms[fields][10][date][m]\" id=\"wpforms-232-field_10-month\" class=\"wpforms-field-date-time-date-month wpforms-field-required\" aria-label=\"Month\"  required><option value=\"\" class=\"placeholder\" selected disabled>MM<\/option><option value=\"1\" >1<\/option><option value=\"2\" >2<\/option><option value=\"3\" >3<\/option><option value=\"4\" >4<\/option><option value=\"5\" >5<\/option><option value=\"6\" >6<\/option><option value=\"7\" >7<\/option><option value=\"8\" >8<\/option><option value=\"9\" >9<\/option><option value=\"10\" >10<\/option><option value=\"11\" >11<\/option><option value=\"12\" >12<\/option><\/select><select name=\"wpforms[fields][10][date][y]\" id=\"wpforms-232-field_10-year\" class=\"wpforms-field-date-time-date-year wpforms-field-required\" aria-label=\"Year\"  required><option value=\"\" class=\"placeholder\" selected disabled>YYYY<\/option><option value=\"2027\" >2027<\/option><option value=\"2026\" >2026<\/option><option value=\"2025\" >2025<\/option><option value=\"2024\" >2024<\/option><option value=\"2023\" >2023<\/option><option value=\"2022\" >2022<\/option><option value=\"2021\" >2021<\/option><option value=\"2020\" >2020<\/option><option value=\"2019\" >2019<\/option><option value=\"2018\" >2018<\/option><option value=\"2017\" >2017<\/option><option value=\"2016\" >2016<\/option><option value=\"2015\" >2015<\/option><option value=\"2014\" >2014<\/option><option value=\"2013\" >2013<\/option><option value=\"2012\" >2012<\/option><option value=\"2011\" >2011<\/option><option value=\"2010\" >2010<\/option><option value=\"2009\" >2009<\/option><option value=\"2008\" >2008<\/option><option value=\"2007\" >2007<\/option><option value=\"2006\" >2006<\/option><option value=\"2005\" >2005<\/option><option value=\"2004\" >2004<\/option><option value=\"2003\" >2003<\/option><option value=\"2002\" >2002<\/option><option value=\"2001\" >2001<\/option><option value=\"2000\" >2000<\/option><option value=\"1999\" >1999<\/option><option value=\"1998\" >1998<\/option><option value=\"1997\" >1997<\/option><option value=\"1996\" >1996<\/option><option value=\"1995\" >1995<\/option><option value=\"1994\" >1994<\/option><option value=\"1993\" >1993<\/option><option value=\"1992\" >1992<\/option><option value=\"1991\" >1991<\/option><option value=\"1990\" >1990<\/option><option value=\"1989\" >1989<\/option><option value=\"1988\" >1988<\/option><option value=\"1987\" >1987<\/option><option value=\"1986\" >1986<\/option><option value=\"1985\" >1985<\/option><option value=\"1984\" >1984<\/option><option value=\"1983\" >1983<\/option><option value=\"1982\" >1982<\/option><option value=\"1981\" >1981<\/option><option value=\"1980\" >1980<\/option><option value=\"1979\" >1979<\/option><option value=\"1978\" >1978<\/option><option value=\"1977\" >1977<\/option><option value=\"1976\" >1976<\/option><option value=\"1975\" >1975<\/option><option value=\"1974\" >1974<\/option><option value=\"1973\" >1973<\/option><option value=\"1972\" >1972<\/option><option value=\"1971\" >1971<\/option><option value=\"1970\" >1970<\/option><option value=\"1969\" >1969<\/option><option value=\"1968\" >1968<\/option><option value=\"1967\" >1967<\/option><option value=\"1966\" >1966<\/option><option value=\"1965\" >1965<\/option><option value=\"1964\" >1964<\/option><option value=\"1963\" >1963<\/option><option value=\"1962\" >1962<\/option><option value=\"1961\" >1961<\/option><option value=\"1960\" >1960<\/option><option value=\"1959\" >1959<\/option><option value=\"1958\" >1958<\/option><option value=\"1957\" >1957<\/option><option value=\"1956\" >1956<\/option><option value=\"1955\" >1955<\/option><option value=\"1954\" >1954<\/option><option value=\"1953\" >1953<\/option><option value=\"1952\" >1952<\/option><option value=\"1951\" >1951<\/option><option value=\"1950\" >1950<\/option><option value=\"1949\" >1949<\/option><option value=\"1948\" >1948<\/option><option value=\"1947\" >1947<\/option><option value=\"1946\" >1946<\/option><option value=\"1945\" >1945<\/option><option value=\"1944\" >1944<\/option><option value=\"1943\" >1943<\/option><option value=\"1942\" >1942<\/option><option value=\"1941\" >1941<\/option><option value=\"1940\" >1940<\/option><option value=\"1939\" >1939<\/option><option value=\"1938\" >1938<\/option><option value=\"1937\" >1937<\/option><option value=\"1936\" >1936<\/option><option value=\"1935\" >1935<\/option><option value=\"1934\" >1934<\/option><option value=\"1933\" >1933<\/option><option value=\"1932\" >1932<\/option><option value=\"1931\" >1931<\/option><option value=\"1930\" >1930<\/option><option value=\"1929\" >1929<\/option><option value=\"1928\" >1928<\/option><option value=\"1927\" >1927<\/option><option value=\"1926\" >1926<\/option><option value=\"1925\" >1925<\/option><option value=\"1924\" >1924<\/option><option value=\"1923\" >1923<\/option><option value=\"1922\" >1922<\/option><option value=\"1921\" >1921<\/option><option value=\"1920\" >1920<\/option><\/select><\/div><\/fieldset><\/div><\/div><div class=\"wpforms-layout-column wpforms-layout-column-50\"><div id=\"wpforms-232-field_11-container\" class=\"wpforms-field wpforms-field-text\" data-field-id=\"11\"><label class=\"wpforms-field-label\" for=\"wpforms-232-field_11\">Lieu de Naissance <span class=\"wpforms-required-label\" aria-hidden=\"true\">*<\/span><\/label><input type=\"text\" id=\"wpforms-232-field_11\" class=\"wpforms-field-medium wpforms-field-required\" name=\"wpforms[fields][11]\" aria-errormessage=\"wpforms-232-field_11-error\" required><\/div><\/div><\/div><\/div><\/div><div id=\"wpforms-232-field_20-container\" class=\"wpforms-field wpforms-field-layout\" data-field-id=\"20\"><label class=\"wpforms-field-label wpforms-label-hide\" aria-hidden=\"false\">Mise en page<\/label><div class=\"wpforms-field-layout-rows wpforms-field-large\"><div class=\"wpforms-layout-row\"><div class=\"wpforms-layout-column wpforms-layout-column-50\"><div id=\"wpforms-232-field_13-container\" class=\"wpforms-field wpforms-field-text\" data-field-id=\"13\"><label class=\"wpforms-field-label\" for=\"wpforms-232-field_13\">Nationalit\u00e9 <span class=\"wpforms-required-label\" aria-hidden=\"true\">*<\/span><\/label><input type=\"text\" id=\"wpforms-232-field_13\" class=\"wpforms-field-small wpforms-field-required\" name=\"wpforms[fields][13]\" aria-errormessage=\"wpforms-232-field_13-error\" required><\/div><\/div><div class=\"wpforms-layout-column wpforms-layout-column-50\"><div id=\"wpforms-232-field_14-container\" class=\"wpforms-field wpforms-field-text\" data-field-id=\"14\"><label class=\"wpforms-field-label\" for=\"wpforms-232-field_14\">Adresse <span class=\"wpforms-required-label\" aria-hidden=\"true\">*<\/span><\/label><input type=\"text\" id=\"wpforms-232-field_14\" class=\"wpforms-field-medium wpforms-field-required\" name=\"wpforms[fields][14]\" aria-errormessage=\"wpforms-232-field_14-error\" required><\/div><\/div><\/div><div class=\"wpforms-layout-row\"><div class=\"wpforms-layout-column wpforms-layout-column-50\"><div id=\"wpforms-232-field_25-container\" class=\"wpforms-field wpforms-field-number\" data-field-id=\"25\"><label class=\"wpforms-field-label\" for=\"wpforms-232-field_25\">T\u00e9l\u00e9phone <span class=\"wpforms-required-label\" aria-hidden=\"true\">*<\/span><\/label><input type=\"number\" id=\"wpforms-232-field_25\" class=\"wpforms-field-medium wpforms-field-required\" name=\"wpforms[fields][25]\" aria-errormessage=\"wpforms-232-field_25-error\" required><\/div><\/div><div class=\"wpforms-layout-column wpforms-layout-column-50\"><div id=\"wpforms-232-field_16-container\" class=\"wpforms-field wpforms-field-text\" data-field-id=\"16\"><label class=\"wpforms-field-label\" for=\"wpforms-232-field_16\">Email <span class=\"wpforms-required-label\" aria-hidden=\"true\">*<\/span><\/label><input type=\"text\" id=\"wpforms-232-field_16\" class=\"wpforms-field-medium wpforms-field-required\" name=\"wpforms[fields][16]\" aria-errormessage=\"wpforms-232-field_16-error\" required><\/div><\/div><\/div><\/div><\/div><div id=\"wpforms-232-field_19-container\" class=\"wpforms-field wpforms-field-layout\" data-field-id=\"19\"><label class=\"wpforms-field-label wpforms-label-hide\" aria-hidden=\"false\">Mise en page<\/label><div class=\"wpforms-field-layout-rows wpforms-field-large\"><div class=\"wpforms-layout-row\"><div class=\"wpforms-layout-column wpforms-layout-column-50\"><div id=\"wpforms-232-field_3-container\" class=\"wpforms-field wpforms-field-select wpforms-field-select-style-modern\" data-field-id=\"3\"><label class=\"wpforms-field-label\" for=\"wpforms-232-field_3\">Cycle <span class=\"wpforms-required-label\" aria-hidden=\"true\">*<\/span><\/label><select id=\"wpforms-232-field_3\" class=\"wpforms-field-small wpforms-field-required choicesjs-select\" data-size-class=\"wpforms-field-row wpforms-field-small\" data-search-enabled=\"\" name=\"wpforms[fields][3]\" required=\"required\"><option value=\"\" class=\"placeholder\" disabled selected='selected'>BTS<\/option><option value=\"BTS\" >BTS<\/option><option value=\"HND\" >HND<\/option><option value=\"DQP\" >DQP<\/option><\/select><\/div><\/div><div class=\"wpforms-layout-column wpforms-layout-column-50\"><div id=\"wpforms-232-field_4-container\" class=\"wpforms-field wpforms-field-select wpforms-field-select-style-modern\" data-field-id=\"4\"><label class=\"wpforms-field-label\" for=\"wpforms-232-field_4\">Fili\u00e8res <span class=\"wpforms-required-label\" aria-hidden=\"true\">*<\/span><\/label><select id=\"wpforms-232-field_4\" class=\"wpforms-field-small wpforms-field-required choicesjs-select\" data-size-class=\"wpforms-field-row wpforms-field-small\" data-search-enabled=\"1\" name=\"wpforms[fields][4]\" required=\"required\"><option value=\"\" class=\"placeholder\" disabled selected='selected'>Marketing commerce vente<\/option><option value=\"Marketing commerce vente\" >Marketing commerce vente<\/option><option value=\"Commerce international\" >International trade<\/option><option value=\"E-commerce et Marketing Num\u00e9rique\" >E-commerce et Marketing Num\u00e9rique<\/option><option value=\"Banque et Finance\" >Banque et Finance<\/option><option value=\"Microfinance\" >Microfinance<\/option><option value=\"M\u00e9tier de la bourse\" >Stock market<\/option><option value=\"Assurance\" >Insurance<\/option><option value=\"Comptabilit\u00e9 et gestion des entreprises\" >Comptabilit\u00e9 et gestion des entreprises<\/option><option value=\"Gestion des collectivit\u00e9s territoriales d\u00e9centralis\u00e9es\" >Management of decentralized local authorities<\/option><option value=\"Gestion des ONG\" >NGO management<\/option><option value=\"Gestion des Projets\" >Gestion des Projets<\/option><option value=\"Management Ev\u00e8nementiel\" >Management Ev\u00e8nementiel<\/option><option value=\"Gestion des Ressources Humaines\" >Gestion des Ressources Humaines<\/option><option value=\"Gestion de la Qualit\u00e9\" >Gestion de la Qualit\u00e9<\/option><option value=\"Gestion logistique et transport\" >Logistics and transport management<\/option><option value=\"Droit des affaires\" >Corporate law<\/option><option value=\"Douane et transit\" >Douane et transit<\/option><option value=\"Gestion fiscale\" >Tax management<\/option><option value=\"Assistant judiciaire\" >Court assistant<\/option><option value=\"Droit foncier domanial\" >Land and property law<\/option><option value=\"Soins Infirmiers\" >Soins Infirmiers<\/option><option value=\"Sage-femme\" >Midwife<\/option><option value=\"Technique de Laboratoire et d\u2019analyse m\u00e9dicales\" >Technique de Laboratoire et d\u2019analyse m\u00e9dicales<\/option><option value=\"Production Animale\" >Production Animale<\/option><option value=\"Production v\u00e9g\u00e9tale\" >Plant production<\/option><option value=\"G\u00e9nie logiciel\" >Software engineering<\/option><option value=\"Infographie et Webdesign\" >Infographie et Webdesign<\/option><option value=\"Maintenances des syst\u00e8mes informatique\" >Maintenances des syst\u00e8mes informatique<\/option><option value=\"Gestion des syst\u00e8mes d\u2019information\" >Gestion des syst\u00e8mes d\u2019information<\/option><option value=\"B\u00e2timent\" >Building<\/option><option value=\"G\u00e9om\u00e8tre \/ Topographe\" >Geometer \/ Topographer<\/option><\/select><\/div><\/div><\/div><div class=\"wpforms-layout-row\"><div class=\"wpforms-layout-column wpforms-layout-column-50\"><div id=\"wpforms-232-field_27-container\" class=\"wpforms-field wpforms-field-radio\" data-field-id=\"27\"><fieldset><legend class=\"wpforms-field-label\">Type de cours <span class=\"wpforms-required-label\" aria-hidden=\"true\">*<\/span><\/legend><ul id=\"wpforms-232-field_27\" class=\"wpforms-field-required\"><li class=\"choice-1 depth-1\"><input type=\"radio\" id=\"wpforms-232-field_27_1\" name=\"wpforms[fields][27]\" value=\"Cours du jour\" aria-errormessage=\"wpforms-232-field_27_1-error\" required><label class=\"wpforms-field-label-inline\" for=\"wpforms-232-field_27_1\">Cours du jour<\/label><\/li><li class=\"choice-2 depth-1\"><input type=\"radio\" id=\"wpforms-232-field_27_2\" name=\"wpforms[fields][27]\" value=\"Cours du soir\" aria-errormessage=\"wpforms-232-field_27_2-error\" required><label class=\"wpforms-field-label-inline\" for=\"wpforms-232-field_27_2\">Cours du soir<\/label><\/li><\/ul><\/fieldset><\/div><\/div><div class=\"wpforms-layout-column wpforms-layout-column-50\"><div id=\"wpforms-232-field_28-container\" class=\"wpforms-field wpforms-field-radio\" data-field-id=\"28\"><fieldset><legend class=\"wpforms-field-label\">Statut universitaire <span class=\"wpforms-required-label\" aria-hidden=\"true\">*<\/span><\/legend><ul id=\"wpforms-232-field_28\" class=\"wpforms-field-required\"><li class=\"choice-1 depth-1\"><input type=\"radio\" id=\"wpforms-232-field_28_1\" name=\"wpforms[fields][28]\" value=\"Nouveau\" aria-errormessage=\"wpforms-232-field_28_1-error\" required><label class=\"wpforms-field-label-inline\" for=\"wpforms-232-field_28_1\">Nouveau<\/label><\/li><li class=\"choice-2 depth-1\"><input type=\"radio\" id=\"wpforms-232-field_28_2\" name=\"wpforms[fields][28]\" value=\"Ancien\" aria-errormessage=\"wpforms-232-field_28_2-error\" required><label class=\"wpforms-field-label-inline\" for=\"wpforms-232-field_28_2\">Ancien<\/label><\/li><\/ul><\/fieldset><\/div><\/div><\/div><div class=\"wpforms-layout-row\"><div class=\"wpforms-layout-column wpforms-layout-column-50\"><div id=\"wpforms-232-field_23-container\" class=\"wpforms-field wpforms-field-text\" data-field-id=\"23\"><label class=\"wpforms-field-label\" for=\"wpforms-232-field_23\">Personne \u00e0 contacter <span class=\"wpforms-required-label\" aria-hidden=\"true\">*<\/span><\/label><input type=\"text\" id=\"wpforms-232-field_23\" class=\"wpforms-field-medium wpforms-field-required\" name=\"wpforms[fields][23]\" aria-errormessage=\"wpforms-232-field_23-error\" required><\/div><\/div><div class=\"wpforms-layout-column wpforms-layout-column-50\"><div id=\"wpforms-232-field_24-container\" class=\"wpforms-field wpforms-field-number\" data-field-id=\"24\"><label class=\"wpforms-field-label\" for=\"wpforms-232-field_24\">T\u00e9l\u00e9phone <span class=\"wpforms-required-label\" aria-hidden=\"true\">*<\/span><\/label><input type=\"number\" id=\"wpforms-232-field_24\" class=\"wpforms-field-medium wpforms-field-required\" name=\"wpforms[fields][24]\" aria-errormessage=\"wpforms-232-field_24-error\" required><\/div><\/div><\/div><\/div><\/div><div id=\"wpforms-232-field_33-container\" class=\"wpforms-field wpforms-field-captcha\" data-field-id=\"33\"><label class=\"wpforms-field-label\" for=\"wpforms-232-field_33\">CAPTCHA <span class=\"wpforms-required-label\" aria-hidden=\"true\">*<\/span><\/label><p id=\"wpforms-232-field_33-question\" class=\"wpforms-captcha-question\">Combien font 7\u00a0+\u00a04\u00a0?<\/p>\n\t\t<input type=\"text\" id=\"wpforms-232-field_33\" class=\"wpforms-field-medium wpforms-field-required a\" data-rule-wpf-captcha=\"qa\" data-is-wrapped-field=\"1\" data-a=\"11\" name=\"wpforms[fields][33][a]\" aria-errormessage=\"wpforms-232-field_33-error\" aria-describedby=\"wpforms-232-field_33-question\" required>\n\t\t<input type=\"hidden\" name=\"wpforms[fields][33][q]\" value=\"1\">\n\n\t\t<\/div><\/div><!-- .wpforms-field-container --><div class=\"wpforms-submit-container\" ><input type=\"hidden\" name=\"wpforms[id]\" value=\"232\"><input type=\"hidden\" name=\"page_title\" value=\"\"><input type=\"hidden\" name=\"page_url\" value=\"https:\/\/istem-univ.com\/en\/wp-json\/wp\/v2\/pages\/243\"><button type=\"submit\" name=\"wpforms[submit]\" id=\"wpforms-submit-232\" class=\"wpforms-submit\" data-alt-text=\"Envoi...\" data-submit-text=\"Envoyer\" aria-live=\"assertive\" value=\"wpforms-submit\">Send<\/button><img decoding=\"async\" src=\"https:\/\/istem-univ.com\/wp-content\/plugins\/wpforms\/assets\/images\/submit-spin.svg\" class=\"wpforms-submit-spinner\" style=\"display: none;\" width=\"26\" height=\"26\" alt=\"Loading\"><\/div><input type=\"hidden\" name=\"trp-form-language\" value=\"en\"\/><\/form><\/div>  <!-- .wpforms-container --><\/div>\n\t\t\t\t<\/div>\n\t\t\t\t<\/div>\n\t\t\t\t\t<\/div>\n\t\t\t\t<\/div>\n\t\t\t\t<\/div>","protected":false},"excerpt":{"rendered":"<p>FORMULAIRE DE PRE-INSCRIPTION Remplissez le formulaire ci-dessous pour votre pr\u00e9inscription. Apr\u00e8s soumission de votre formulaire, pr\u00e9sentez vous au sein de notre \u00e9tablissement afin de valider votre inscription d\u00e9finitive.<\/p>","protected":false},"author":1,"featured_media":0,"parent":0,"menu_order":0,"comment_status":"closed","ping_status":"closed","template":"elementor_header_footer","meta":{"footnotes":""},"class_list":["post-243","page","type-page","status-publish","hentry"],"_links":{"self":[{"href":"https:\/\/istem-univ.com\/en\/wp-json\/wp\/v2\/pages\/243","targetHints":{"allow":["GET"]}}],"collection":[{"href":"https:\/\/istem-univ.com\/en\/wp-json\/wp\/v2\/pages"}],"about":[{"href":"https:\/\/istem-univ.com\/en\/wp-json\/wp\/v2\/types\/page"}],"author":[{"embeddable":true,"href":"https:\/\/istem-univ.com\/en\/wp-json\/wp\/v2\/users\/1"}],"replies":[{"embeddable":true,"href":"https:\/\/istem-univ.com\/en\/wp-json\/wp\/v2\/comments?post=243"}],"version-history":[{"count":10,"href":"https:\/\/istem-univ.com\/en\/wp-json\/wp\/v2\/pages\/243\/revisions"}],"predecessor-version":[{"id":254,"href":"https:\/\/istem-univ.com\/en\/wp-json\/wp\/v2\/pages\/243\/revisions\/254"}],"wp:attachment":[{"href":"https:\/\/istem-univ.com\/en\/wp-json\/wp\/v2\/media?parent=243"}],"curies":[{"name":"wp","href":"https:\/\/api.w.org\/{rel}","templated":true}]}}