{"id":28,"date":"2024-06-21T18:29:28","date_gmt":"2024-06-21T16:29:28","guid":{"rendered":"https:\/\/istem-univ.com\/?page_id=28"},"modified":"2024-08-26T13:14:22","modified_gmt":"2024-08-26T11:14:22","slug":"admission","status":"publish","type":"page","link":"https:\/\/istem-univ.com\/en\/admission\/","title":{"rendered":"Admission"},"content":{"rendered":"<div data-elementor-type=\"wp-page\" data-elementor-id=\"28\" class=\"elementor elementor-28\" data-elementor-post-type=\"page\">\n\t\t\t\t<div class=\"elementor-element elementor-element-65d8b30 e-flex e-con-boxed e-con e-parent\" data-id=\"65d8b30\" data-element_type=\"container\">\n\t\t\t\t\t<div class=\"e-con-inner\">\n\t\t\t\t<div class=\"elementor-element elementor-element-e5cf027 elementor-widget elementor-widget-heading\" data-id=\"e5cf027\" data-element_type=\"widget\" data-widget_type=\"heading.default\">\n\t\t\t\t<div class=\"elementor-widget-container\">\n\t\t\t<style>\/*! elementor - v3.23.0 - 05-08-2024 *\/\n.elementor-heading-title{padding:0;margin:0;line-height:1}.elementor-widget-heading .elementor-heading-title[class*=elementor-size-]>a{color:inherit;font-size:inherit;line-height:inherit}.elementor-widget-heading .elementor-heading-title.elementor-size-small{font-size:15px}.elementor-widget-heading .elementor-heading-title.elementor-size-medium{font-size:19px}.elementor-widget-heading .elementor-heading-title.elementor-size-large{font-size:29px}.elementor-widget-heading .elementor-heading-title.elementor-size-xl{font-size:39px}.elementor-widget-heading .elementor-heading-title.elementor-size-xxl{font-size:59px}<\/style><h2 class=\"elementor-heading-title elementor-size-default\">Admission Process<\/h2>\t\t<\/div>\n\t\t\t\t<\/div>\n\t\t\t\t<div class=\"elementor-element elementor-element-2c1b873 elementor-widget elementor-widget-text-editor\" data-id=\"2c1b873\" data-element_type=\"widget\" data-widget_type=\"text-editor.default\">\n\t\t\t\t<div class=\"elementor-widget-container\">\n\t\t\t<style>\/*! elementor - v3.23.0 - 05-08-2024 *\/\n.elementor-widget-text-editor.elementor-drop-cap-view-stacked .elementor-drop-cap{background-color:#69727d;color:#fff}.elementor-widget-text-editor.elementor-drop-cap-view-framed .elementor-drop-cap{color:#69727d;border:3px solid;background-color:transparent}.elementor-widget-text-editor:not(.elementor-drop-cap-view-default) .elementor-drop-cap{margin-top:8px}.elementor-widget-text-editor:not(.elementor-drop-cap-view-default) .elementor-drop-cap-letter{width:1em;height:1em}.elementor-widget-text-editor .elementor-drop-cap{float:left;text-align:center;line-height:1;font-size:50px}.elementor-widget-text-editor .elementor-drop-cap-letter{display:inline-block}<\/style>\t\t\t\t<p>We welcome motivated and talented students from a wide range of backgrounds.<\/p><p>Find out how to become part of our community of learners below.<\/p>\t\t\t\t\t\t<\/div>\n\t\t\t\t<\/div>\n\t\t\t\t\t<\/div>\n\t\t\t\t<\/div>\n\t\t<div class=\"elementor-element elementor-element-d65607d e-flex e-con-boxed e-con e-parent\" data-id=\"d65607d\" data-element_type=\"container\">\n\t\t\t\t\t<div class=\"e-con-inner\">\n\t\t\t\t<div class=\"elementor-element elementor-element-cbe2605 elementor-widget elementor-widget-heading\" data-id=\"cbe2605\" data-element_type=\"widget\" data-widget_type=\"heading.default\">\n\t\t\t\t<div class=\"elementor-widget-container\">\n\t\t\t<h2 class=\"elementor-heading-title elementor-size-default\">Become a student<\/h2>\t\t<\/div>\n\t\t\t\t<\/div>\n\t\t\t\t\t<\/div>\n\t\t\t\t<\/div>\n\t\t<div class=\"elementor-element elementor-element-665d65a e-flex e-con-boxed e-con e-parent\" data-id=\"665d65a\" data-element_type=\"container\">\n\t\t\t\t\t<div class=\"e-con-inner\">\n\t\t<div class=\"elementor-element elementor-element-45f4c5d e-con-full e-flex e-con e-child\" data-id=\"45f4c5d\" data-element_type=\"container\" data-settings=\"{&quot;background_background&quot;:&quot;classic&quot;}\">\n\t\t\t\t<div class=\"elementor-element elementor-element-18e4a01 elementor-widget elementor-widget-text-editor\" data-id=\"18e4a01\" data-element_type=\"widget\" data-widget_type=\"text-editor.default\">\n\t\t\t\t<div class=\"elementor-widget-container\">\n\t\t\t\t\t\t\t<p><strong>ADMISSION REQUIREMENTS<\/strong>\u00a0<\/p>\t\t\t\t\t\t<\/div>\n\t\t\t\t<\/div>\n\t\t\t\t<div class=\"elementor-element elementor-element-b45e798 elementor-widget elementor-widget-text-editor\" data-id=\"b45e798\" data-element_type=\"widget\" data-widget_type=\"text-editor.default\">\n\t\t\t\t<div class=\"elementor-widget-container\">\n\t\t\t\t\t\t\t<ul><li>Competitive examination or application<\/li><li>Competition dates: 05\/08 | 19 \/08 | 02\/09 | 09\/09 | 16\/09<\/li><\/ul><ul><li>Competition fee: 5 000 Xaf<\/li><\/ul>\t\t\t\t\t\t<\/div>\n\t\t\t\t<\/div>\n\t\t\t\t<\/div>\n\t\t<div class=\"elementor-element elementor-element-0569624 e-con-full e-flex e-con e-child\" data-id=\"0569624\" data-element_type=\"container\" data-settings=\"{&quot;background_background&quot;:&quot;classic&quot;}\">\n\t\t\t\t<div class=\"elementor-element elementor-element-63e82e8 elementor-widget elementor-widget-text-editor\" data-id=\"63e82e8\" data-element_type=\"widget\" data-widget_type=\"text-editor.default\">\n\t\t\t\t<div class=\"elementor-widget-container\">\n\t\t\t\t\t\t\t<p><strong>FEES<\/strong><\/p>\t\t\t\t\t\t<\/div>\n\t\t\t\t<\/div>\n\t\t\t\t<div class=\"elementor-element elementor-element-876c6dd elementor-widget elementor-widget-text-editor\" data-id=\"876c6dd\" data-element_type=\"widget\" data-widget_type=\"text-editor.default\">\n\t\t\t\t<div class=\"elementor-widget-container\">\n\t\t\t\t\t\t\t<ul><li>Technical and e-commerce fields: 450,000 Xaf<\/li><li>Others fields : 350 000 Xaf<\/li><\/ul>\t\t\t\t\t\t<\/div>\n\t\t\t\t<\/div>\n\t\t\t\t<\/div>\n\t\t<div class=\"elementor-element elementor-element-57f51a2 e-con-full e-flex e-con e-child\" data-id=\"57f51a2\" data-element_type=\"container\" data-settings=\"{&quot;background_background&quot;:&quot;classic&quot;}\">\n\t\t\t\t<div class=\"elementor-element elementor-element-7e39c42 elementor-widget elementor-widget-text-editor\" data-id=\"7e39c42\" data-element_type=\"widget\" data-widget_type=\"text-editor.default\">\n\t\t\t\t<div class=\"elementor-widget-container\">\n\t\t\t\t\t\t\t<p><strong>PAYMENT TERMS<\/strong><\/p>\t\t\t\t\t\t<\/div>\n\t\t\t\t<\/div>\n\t\t\t\t<div class=\"elementor-element elementor-element-7443b9e elementor-widget elementor-widget-text-editor\" data-id=\"7443b9e\" data-element_type=\"widget\" data-widget_type=\"text-editor.default\">\n\t\t\t\t<div class=\"elementor-widget-container\">\n\t\t\t\t\t\t\t<ul><li>Deposit to ISTEM's account at NUMERICA FINANCE S.A.<\/li><li>Paiement en ligne en cliquant sur le lien de paiement<\/li><\/ul>\t\t\t\t\t\t<\/div>\n\t\t\t\t<\/div>\n\t\t\t\t<\/div>\n\t\t\t\t\t<\/div>\n\t\t\t\t<\/div>\n\t\t<div class=\"elementor-element elementor-element-0ef0bab e-flex e-con-boxed e-con e-parent\" data-id=\"0ef0bab\" data-element_type=\"container\">\n\t\t\t\t\t<div class=\"e-con-inner\">\n\t\t<div class=\"elementor-element elementor-element-59d0543 e-con-full e-flex e-con e-child\" data-id=\"59d0543\" data-element_type=\"container\">\n\t\t\t\t<div class=\"elementor-element elementor-element-3c1334b elementor-widget elementor-widget-heading\" data-id=\"3c1334b\" data-element_type=\"widget\" data-widget_type=\"heading.default\">\n\t\t\t\t<div class=\"elementor-widget-container\">\n\t\t\t<h3 class=\"elementor-heading-title elementor-size-default\">Requirements<\/h3>\t\t<\/div>\n\t\t\t\t<\/div>\n\t\t\t\t<\/div>\n\t\t<div class=\"elementor-element elementor-element-7ef9fa5 e-con-full e-flex e-con e-child\" data-id=\"7ef9fa5\" data-element_type=\"container\">\n\t\t\t\t<div class=\"elementor-element elementor-element-9a0e4e2 elementor-widget elementor-widget-heading\" data-id=\"9a0e4e2\" data-element_type=\"widget\" data-widget_type=\"heading.default\">\n\t\t\t\t<div class=\"elementor-widget-container\">\n\t\t\t<h3 class=\"elementor-heading-title elementor-size-default\">OTHER USEFUL INFORMATION<\/h3>\t\t<\/div>\n\t\t\t\t<\/div>\n\t\t\t\t<\/div>\n\t\t\t\t\t<\/div>\n\t\t\t\t<\/div>\n\t\t<div class=\"elementor-element elementor-element-e41ce92 e-flex e-con-boxed e-con e-parent\" data-id=\"e41ce92\" data-element_type=\"container\">\n\t\t\t\t\t<div class=\"e-con-inner\">\n\t\t<div class=\"elementor-element elementor-element-2bf655f e-con-full e-flex e-con e-child\" data-id=\"2bf655f\" data-element_type=\"container\" data-settings=\"{&quot;background_background&quot;:&quot;classic&quot;}\">\n\t\t\t\t<div class=\"elementor-element elementor-element-829a172 elementor-widget elementor-widget-text-editor\" data-id=\"829a172\" data-element_type=\"widget\" data-widget_type=\"text-editor.default\">\n\t\t\t\t<div class=\"elementor-widget-container\">\n\t\t\t\t\t\t\t<ul><li>Information form (can be downloaded online)<\/li><li>Certified copy of birth certificate,<\/li><li>Certified copy of High School diploma,<\/li><li>ID Card copy \/ ID Receipt \/ Residence permit,<\/li><li>04 Pictures 4x4 (recents),<\/li><li>Copy of high school final year report (entry exam),<\/li><li>Transcript of 1<sup>st<\/sup> year of university (case study),<\/li><li>01 A4 enveloppe,<\/li><li>Copy of receipt for entry exam fees,<\/li><li>High School Certificat<\/li><\/ul>\t\t\t\t\t\t<\/div>\n\t\t\t\t<\/div>\n\t\t\t\t<div class=\"elementor-element elementor-element-3594e31 elementor-align-center elementor-widget elementor-widget-button\" data-id=\"3594e31\" data-element_type=\"widget\" data-widget_type=\"button.default\">\n\t\t\t\t<div class=\"elementor-widget-container\">\n\t\t\t\t\t<div class=\"elementor-button-wrapper\">\n\t\t\t<a class=\"elementor-button elementor-button-link elementor-size-sm\" href=\"https:\/\/istem-univ.com\/en\/pre-inscription\/\">\n\t\t\t\t\t\t<span class=\"elementor-button-content-wrapper\">\n\t\t\t\t\t\t\t\t\t<span class=\"elementor-button-text\">Register<\/span>\n\t\t\t\t\t<\/span>\n\t\t\t\t\t<\/a>\n\t\t<\/div>\n\t\t\t\t<\/div>\n\t\t\t\t<\/div>\n\t\t\t\t<\/div>\n\t\t<div class=\"elementor-element elementor-element-b4687a7 e-con-full e-flex e-con e-child\" data-id=\"b4687a7\" data-element_type=\"container\" data-settings=\"{&quot;background_background&quot;:&quot;classic&quot;}\">\n\t\t\t\t<div class=\"elementor-element elementor-element-14a0fe7 elementor-widget elementor-widget-text-editor\" data-id=\"14a0fe7\" data-element_type=\"widget\" data-widget_type=\"text-editor.default\">\n\t\t\t\t<div class=\"elementor-widget-container\">\n\t\t\t\t\t\t\t<ul><li>The start of the academic year in Cameroon is scheduled for 07\/10\/2024, and will mark the effective start of teaching at ISTEM.<\/li><li>Academic outings: During the year, ISTEM organizes a series of activities (company visits, in-company stays, study trips) designed to immerse learners in professional practices during the lecture period. These outings require a fee, which is communicated at least 1 month in advance.<\/li><li>Tutoring: ISTEM puts each learner in contact with a professional in his or her future business sector for ongoing guidance during the course.<\/li><\/ul>\t\t\t\t\t\t<\/div>\n\t\t\t\t<\/div>\n\t\t\t\t<\/div>\n\t\t\t\t\t<\/div>\n\t\t\t\t<\/div>\n\t\t<div class=\"elementor-element elementor-element-0d1a8b0 e-flex e-con-boxed e-con e-parent\" data-id=\"0d1a8b0\" data-element_type=\"container\">\n\t\t\t\t\t<div class=\"e-con-inner\">\n\t\t<div class=\"elementor-element elementor-element-29d3e46 e-con-full e-flex e-con e-child\" data-id=\"29d3e46\" data-element_type=\"container\">\n\t\t\t\t<\/div>\n\t\t<div class=\"elementor-element elementor-element-2dbea21 e-con-full e-flex e-con e-child\" data-id=\"2dbea21\" data-element_type=\"container\">\n\t\t\t\t<div class=\"elementor-element elementor-element-b8212d5 elementor-widget elementor-widget-heading\" data-id=\"b8212d5\" data-element_type=\"widget\" data-widget_type=\"heading.default\">\n\t\t\t\t<div class=\"elementor-widget-container\">\n\t\t\t<h4 class=\"elementor-heading-title elementor-size-default\">Courses Schedule<\/h4>\t\t<\/div>\n\t\t\t\t<\/div>\n\t\t\t\t<div class=\"elementor-element elementor-element-d2b0400 elementor-widget elementor-widget-shortcode\" data-id=\"d2b0400\" data-element_type=\"widget\" data-widget_type=\"shortcode.default\">\n\t\t\t\t<div class=\"elementor-widget-container\">\n\t\t\t\t\t<div class=\"elementor-shortcode\">\n<table id=\"tablepress-2\" class=\"tablepress tablepress-id-2\">\n<thead>\n<tr class=\"row-1 odd\">\n\t<th class=\"column-1\"><center><bold>Day course<\/bold><\/center><\/th><th class=\"column-2\"><center>Monday to Friday : 07AM - 04PM<\/center><\/th><th class=\"column-3\"><center>Saturday : 07AM - 12AM<\/center><\/th>\n<\/tr>\n<\/thead>\n<tbody class=\"row-hover\">\n<\/tbody>\n<tfoot>\n<tr class=\"row-2 even\">\n\t<th class=\"column-1\"><center>Evening Course<\/center><\/th><th class=\"column-2\"><center>Monday to Friday : 05PM - 09PM<\/center><\/th><th class=\"column-3\"><center> \/\/ <\/center><\/th>\n<\/tr>\n<\/tfoot>\n<\/table>\n<!-- #tablepress-2 from cache --><\/div>\n\t\t\t\t<\/div>\n\t\t\t\t<\/div>\n\t\t\t\t<\/div>\n\t\t<div class=\"elementor-element elementor-element-943c012 e-con-full e-flex e-con e-child\" data-id=\"943c012\" data-element_type=\"container\">\n\t\t\t\t<\/div>\n\t\t\t\t\t<\/div>\n\t\t\t\t<\/div>\n\t\t\t\t<\/div>","protected":false},"excerpt":{"rendered":"<p>Processus d&rsquo;Admission Nous accueillons des \u00e9tudiants motiv\u00e9s et talentueux de divers horizons. D\u00e9couvrez ci-dessous notre processus d&rsquo;admission pour faire partie de notre communaut\u00e9 d\u2019apprenants. Devenir Etudiant CONDITIONS D&rsquo;ADMISSION\u00a0 Par concours ou \u00e9tude de dossier Dates concours : 05\/08\u00a0\u00a0|\u00a0\u00a019 \/08\u00a0 |\u00a0\u00a002\/09\u00a0 |\u00a0\u00a009\/09\u00a0 |\u00a0\u00a016\/09 Frais de concours : 5 000 Fcfa SCOLARITE Fili\u00e8res techniques et E-commerce : [&hellip;]<\/p>","protected":false},"author":1,"featured_media":0,"parent":0,"menu_order":0,"comment_status":"closed","ping_status":"closed","template":"elementor_header_footer","meta":{"footnotes":""},"class_list":["post-28","page","type-page","status-publish","hentry"],"_links":{"self":[{"href":"https:\/\/istem-univ.com\/en\/wp-json\/wp\/v2\/pages\/28","targetHints":{"allow":["GET"]}}],"collection":[{"href":"https:\/\/istem-univ.com\/en\/wp-json\/wp\/v2\/pages"}],"about":[{"href":"https:\/\/istem-univ.com\/en\/wp-json\/wp\/v2\/types\/page"}],"author":[{"embeddable":true,"href":"https:\/\/istem-univ.com\/en\/wp-json\/wp\/v2\/users\/1"}],"replies":[{"embeddable":true,"href":"https:\/\/istem-univ.com\/en\/wp-json\/wp\/v2\/comments?post=28"}],"version-history":[{"count":130,"href":"https:\/\/istem-univ.com\/en\/wp-json\/wp\/v2\/pages\/28\/revisions"}],"predecessor-version":[{"id":1696,"href":"https:\/\/istem-univ.com\/en\/wp-json\/wp\/v2\/pages\/28\/revisions\/1696"}],"wp:attachment":[{"href":"https:\/\/istem-univ.com\/en\/wp-json\/wp\/v2\/media?parent=28"}],"curies":[{"name":"wp","href":"https:\/\/api.w.org\/{rel}","templated":true}]}}